{"id":9541,"date":"2021-03-16T16:49:00","date_gmt":"2021-03-16T14:49:00","guid":{"rendered":"https:\/\/redworld.pl\/?page_id=9541"},"modified":"2022-06-07T10:31:56","modified_gmt":"2022-06-07T08:31:56","slug":"zapowiedz-miotu","status":"publish","type":"page","link":"https:\/\/redworld.pl\/?page_id=9541","title":{"rendered":"Zapowied\u017a miotu"},"content":{"rendered":"\t\t<div data-elementor-type=\"wp-page\" data-elementor-id=\"9541\" class=\"elementor elementor-9541\">\n\t\t\t\t\t\t<section class=\"elementor-section elementor-top-section elementor-element elementor-element-c70ca8b elementor-section-stretched elementor-hidden-phone elementor-section-boxed elementor-section-height-default elementor-section-height-default\" data-id=\"c70ca8b\" data-element_type=\"section\" data-settings=\"{&quot;stretch_section&quot;:&quot;section-stretched&quot;,&quot;background_background&quot;:&quot;classic&quot;}\">\n\t\t\t\t\t\t<div class=\"elementor-container elementor-column-gap-default\">\n\t\t\t\t\t<div class=\"elementor-column elementor-col-100 elementor-top-column elementor-element elementor-element-2518200\" data-id=\"2518200\" data-element_type=\"column\">\n\t\t\t<div class=\"elementor-widget-wrap elementor-element-populated\">\n\t\t\t\t\t\t<div class=\"elementor-element elementor-element-1d35037 elementor-widget elementor-widget-heading\" data-id=\"1d35037\" data-element_type=\"widget\" data-widget_type=\"heading.default\">\n\t\t\t\t<div class=\"elementor-widget-container\">\n\t\t\t\t\t<h2 class=\"elementor-heading-title elementor-size-default\">Mioty<\/h2>\t\t\t\t<\/div>\n\t\t\t\t<\/div>\n\t\t\t\t\t<\/div>\n\t\t<\/div>\n\t\t\t\t\t<\/div>\n\t\t<\/section>\n\t\t\t\t<section class=\"elementor-section elementor-top-section elementor-element elementor-element-a77323c elementor-section-full_width elementor-section-stretched elementor-hidden-tablet elementor-hidden-desktop elementor-section-height-default elementor-section-height-default\" data-id=\"a77323c\" data-element_type=\"section\" data-settings=\"{&quot;stretch_section&quot;:&quot;section-stretched&quot;}\">\n\t\t\t\t\t\t<div class=\"elementor-container elementor-column-gap-no\">\n\t\t\t\t\t<div class=\"elementor-column elementor-col-100 elementor-top-column elementor-element elementor-element-d751385\" data-id=\"d751385\" data-element_type=\"column\">\n\t\t\t<div class=\"elementor-widget-wrap elementor-element-populated\">\n\t\t\t\t\t\t<div class=\"elementor-element elementor-element-89bb1fe elementor-widget elementor-widget-image\" data-id=\"89bb1fe\" data-element_type=\"widget\" data-widget_type=\"image.default\">\n\t\t\t\t<div class=\"elementor-widget-container\">\n\t\t\t\t\t\t\t\t\t\t\t\t\t\t\t<img fetchpriority=\"high\" decoding=\"async\" width=\"960\" height=\"480\" src=\"https:\/\/redworld.pl\/wp-content\/uploads\/2021\/01\/12938168_10208911335003078_208721073210656130_n-e1610198874974.jpg\" class=\"attachment-full size-full wp-image-6429\" alt=\"\" srcset=\"https:\/\/redworld.pl\/wp-content\/uploads\/2021\/01\/12938168_10208911335003078_208721073210656130_n-e1610198874974.jpg 960w, https:\/\/redworld.pl\/wp-content\/uploads\/2021\/01\/12938168_10208911335003078_208721073210656130_n-e1610198874974-300x150.jpg 300w, https:\/\/redworld.pl\/wp-content\/uploads\/2021\/01\/12938168_10208911335003078_208721073210656130_n-e1610198874974-768x384.jpg 768w\" sizes=\"(max-width: 960px) 100vw, 960px\" \/>\t\t\t\t\t\t\t\t\t\t\t\t\t\t\t<\/div>\n\t\t\t\t<\/div>\n\t\t\t\t<div class=\"elementor-element elementor-element-89d491e elementor-widget elementor-widget-heading\" data-id=\"89d491e\" data-element_type=\"widget\" data-widget_type=\"heading.default\">\n\t\t\t\t<div class=\"elementor-widget-container\">\n\t\t\t\t\t<h2 class=\"elementor-heading-title elementor-size-default\">Mioty<\/h2>\t\t\t\t<\/div>\n\t\t\t\t<\/div>\n\t\t\t\t\t<\/div>\n\t\t<\/div>\n\t\t\t\t\t<\/div>\n\t\t<\/section>\n\t\t\t\t<section class=\"elementor-section elementor-top-section elementor-element elementor-element-fcb70ba elementor-section-stretched elementor-section-boxed elementor-section-height-default elementor-section-height-default\" data-id=\"fcb70ba\" data-element_type=\"section\" data-settings=\"{&quot;stretch_section&quot;:&quot;section-stretched&quot;,&quot;background_background&quot;:&quot;classic&quot;}\">\n\t\t\t\t\t\t<div class=\"elementor-container elementor-column-gap-default\">\n\t\t\t\t\t<div class=\"elementor-column elementor-col-100 elementor-top-column elementor-element elementor-element-657e835\" data-id=\"657e835\" data-element_type=\"column\" data-settings=\"{&quot;background_background&quot;:&quot;classic&quot;}\">\n\t\t\t<div class=\"elementor-widget-wrap elementor-element-populated\">\n\t\t\t\t\t\t<div class=\"elementor-element elementor-element-a557db1 elementor-widget elementor-widget-text-editor\" data-id=\"a557db1\" data-element_type=\"widget\" data-widget_type=\"text-editor.default\">\n\t\t\t\t<div class=\"elementor-widget-container\">\n\t\t\t\t\t\t\t\t\t<p style=\"text-align: center;\">Informujemy, i\u017c w najbli\u017cszym czasie nie planujemy nowego miotu. Kolejny miot naszych szczeni\u0105t prawdopodobnie narodzi si\u0119 pod koniec 2022 roku.<\/p>\t\t\t\t\t\t\t\t<\/div>\n\t\t\t\t<\/div>\n\t\t\t\t\t<\/div>\n\t\t<\/div>\n\t\t\t\t\t<\/div>\n\t\t<\/section>\n\t\t\t\t<section class=\"elementor-section elementor-top-section elementor-element elementor-element-b7e4371 elementor-section-boxed elementor-section-height-default elementor-section-height-default\" data-id=\"b7e4371\" data-element_type=\"section\">\n\t\t\t\t\t\t<div class=\"elementor-container elementor-column-gap-default\">\n\t\t\t\t\t<div class=\"elementor-column elementor-col-100 elementor-top-column elementor-element elementor-element-5e04760\" data-id=\"5e04760\" data-element_type=\"column\">\n\t\t\t<div class=\"elementor-widget-wrap\">\n\t\t\t\t\t\t\t<\/div>\n\t\t<\/div>\n\t\t\t\t\t<\/div>\n\t\t<\/section>\n\t\t\t\t<\/div>\n\t\t","protected":false},"excerpt":{"rendered":"<p>Mioty Mioty Informujemy, i\u017c w najbli\u017cszym czasie nie planujemy nowego miotu. Kolejny miot naszych szczeni\u0105t prawdopodobnie&#8230; &nbsp; <a href=\"https:\/\/redworld.pl\/?page_id=9541\" class=\"moretag\">Wi\u0119cej<\/a><\/p>\n","protected":false},"author":1,"featured_media":0,"parent":0,"menu_order":0,"comment_status":"closed","ping_status":"closed","template":"elementor_header_footer","meta":{"_monsterinsights_skip_tracking":false,"_monsterinsights_sitenote_active":false,"_monsterinsights_sitenote_note":"","_monsterinsights_sitenote_category":0,"footnotes":""},"yoast_head":"<!-- This site is optimized with the Yoast SEO plugin v24.0 - https:\/\/yoast.com\/wordpress\/plugins\/seo\/ -->\n<title>RedWorld - mioty, szczeni\u0119ta Springer Spaniel Walijski<\/title>\n<meta name=\"description\" content=\"RedWorld Kennel - oferujemy szczeni\u0119ta Springer Spaniel Walijski po doskona\u0142ych rodzicach, psach u\u017cytkowych, multichampionach.\" \/>\n<meta name=\"robots\" content=\"index, follow, max-snippet:-1, max-image-preview:large, max-video-preview:-1\" \/>\n<link rel=\"canonical\" href=\"https:\/\/redworld.pl\/?page_id=9541\" \/>\n<meta property=\"og:locale\" content=\"pl_PL\" \/>\n<meta property=\"og:type\" content=\"article\" \/>\n<meta property=\"og:title\" content=\"RedWorld - mioty, szczeni\u0119ta Springer Spaniel Walijski\" \/>\n<meta property=\"og:description\" content=\"RedWorld Kennel - oferujemy szczeni\u0119ta Springer Spaniel Walijski po doskona\u0142ych rodzicach, psach u\u017cytkowych, multichampionach.\" \/>\n<meta property=\"og:url\" content=\"https:\/\/redworld.pl\/?page_id=9541\" \/>\n<meta property=\"og:site_name\" content=\"RedWorld Kennel\" \/>\n<meta property=\"article:modified_time\" content=\"2022-06-07T08:31:56+00:00\" \/>\n<meta property=\"og:image\" content=\"https:\/\/redworld.pl\/wp-content\/uploads\/2021\/01\/12938168_10208911335003078_208721073210656130_n-e1610198874974.jpg\" \/>\n<meta name=\"twitter:card\" content=\"summary_large_image\" \/>\n<meta name=\"twitter:label1\" content=\"Szacowany czas czytania\" \/>\n\t<meta name=\"twitter:data1\" content=\"1 minuta\" \/>\n<script type=\"application\/ld+json\" class=\"yoast-schema-graph\">{\"@context\":\"https:\/\/schema.org\",\"@graph\":[{\"@type\":\"WebPage\",\"@id\":\"https:\/\/redworld.pl\/?page_id=9541\",\"url\":\"https:\/\/redworld.pl\/?page_id=9541\",\"name\":\"RedWorld - mioty, szczeni\u0119ta Springer Spaniel Walijski\",\"isPartOf\":{\"@id\":\"https:\/\/redworld.pl\/#website\"},\"primaryImageOfPage\":{\"@id\":\"https:\/\/redworld.pl\/?page_id=9541#primaryimage\"},\"image\":{\"@id\":\"https:\/\/redworld.pl\/?page_id=9541#primaryimage\"},\"thumbnailUrl\":\"https:\/\/redworld.pl\/wp-content\/uploads\/2021\/01\/12938168_10208911335003078_208721073210656130_n-e1610198874974.jpg\",\"datePublished\":\"2021-03-16T14:49:00+00:00\",\"dateModified\":\"2022-06-07T08:31:56+00:00\",\"description\":\"RedWorld Kennel - oferujemy szczeni\u0119ta Springer Spaniel Walijski po doskona\u0142ych rodzicach, psach u\u017cytkowych, multichampionach.\",\"breadcrumb\":{\"@id\":\"https:\/\/redworld.pl\/?page_id=9541#breadcrumb\"},\"inLanguage\":\"pl-PL\",\"potentialAction\":[{\"@type\":\"ReadAction\",\"target\":[\"https:\/\/redworld.pl\/?page_id=9541\"]}]},{\"@type\":\"ImageObject\",\"inLanguage\":\"pl-PL\",\"@id\":\"https:\/\/redworld.pl\/?page_id=9541#primaryimage\",\"url\":\"https:\/\/redworld.pl\/wp-content\/uploads\/2021\/01\/12938168_10208911335003078_208721073210656130_n-e1610198874974.jpg\",\"contentUrl\":\"https:\/\/redworld.pl\/wp-content\/uploads\/2021\/01\/12938168_10208911335003078_208721073210656130_n-e1610198874974.jpg\",\"width\":960,\"height\":480},{\"@type\":\"BreadcrumbList\",\"@id\":\"https:\/\/redworld.pl\/?page_id=9541#breadcrumb\",\"itemListElement\":[{\"@type\":\"ListItem\",\"position\":1,\"name\":\"Strona g\u0142\u00f3wna\",\"item\":\"https:\/\/redworld.pl\/\"},{\"@type\":\"ListItem\",\"position\":2,\"name\":\"Zapowied\u017a miotu\"}]},{\"@type\":\"WebSite\",\"@id\":\"https:\/\/redworld.pl\/#website\",\"url\":\"https:\/\/redworld.pl\/\",\"name\":\"RedWorld Kennel - Springer Spaniel Walijski - hodowla domowa\",\"description\":\"Domowa hodowla Springer Sanieli Walijskich\",\"publisher\":{\"@id\":\"https:\/\/redworld.pl\/#organization\"},\"potentialAction\":[{\"@type\":\"SearchAction\",\"target\":{\"@type\":\"EntryPoint\",\"urlTemplate\":\"https:\/\/redworld.pl\/?s={search_term_string}\"},\"query-input\":{\"@type\":\"PropertyValueSpecification\",\"valueRequired\":true,\"valueName\":\"search_term_string\"}}],\"inLanguage\":\"pl-PL\"},{\"@type\":\"Organization\",\"@id\":\"https:\/\/redworld.pl\/#organization\",\"name\":\"RedWorld Kennel\",\"url\":\"https:\/\/redworld.pl\/\",\"logo\":{\"@type\":\"ImageObject\",\"inLanguage\":\"pl-PL\",\"@id\":\"https:\/\/redworld.pl\/#\/schema\/logo\/image\/\",\"url\":\"https:\/\/redworld.pl\/wp-content\/uploads\/2020\/05\/redworld2-e1589960891884.png\",\"contentUrl\":\"https:\/\/redworld.pl\/wp-content\/uploads\/2020\/05\/redworld2-e1589960891884.png\",\"width\":270,\"height\":91,\"caption\":\"RedWorld Kennel\"},\"image\":{\"@id\":\"https:\/\/redworld.pl\/#\/schema\/logo\/image\/\"},\"sameAs\":[\"https:\/\/www.instagram.com\/redworld_kennel\/\"]}]}<\/script>\n<!-- \/ Yoast SEO plugin. -->","yoast_head_json":{"title":"RedWorld - mioty, szczeni\u0119ta Springer Spaniel Walijski","description":"RedWorld Kennel - oferujemy szczeni\u0119ta Springer Spaniel Walijski po doskona\u0142ych rodzicach, psach u\u017cytkowych, multichampionach.","robots":{"index":"index","follow":"follow","max-snippet":"max-snippet:-1","max-image-preview":"max-image-preview:large","max-video-preview":"max-video-preview:-1"},"canonical":"https:\/\/redworld.pl\/?page_id=9541","og_locale":"pl_PL","og_type":"article","og_title":"RedWorld - mioty, szczeni\u0119ta Springer Spaniel Walijski","og_description":"RedWorld Kennel - oferujemy szczeni\u0119ta Springer Spaniel Walijski po doskona\u0142ych rodzicach, psach u\u017cytkowych, multichampionach.","og_url":"https:\/\/redworld.pl\/?page_id=9541","og_site_name":"RedWorld Kennel","article_modified_time":"2022-06-07T08:31:56+00:00","og_image":[{"url":"https:\/\/redworld.pl\/wp-content\/uploads\/2021\/01\/12938168_10208911335003078_208721073210656130_n-e1610198874974.jpg","type":"","width":"","height":""}],"twitter_card":"summary_large_image","twitter_misc":{"Szacowany czas czytania":"1 minuta"},"schema":{"@context":"https:\/\/schema.org","@graph":[{"@type":"WebPage","@id":"https:\/\/redworld.pl\/?page_id=9541","url":"https:\/\/redworld.pl\/?page_id=9541","name":"RedWorld - mioty, szczeni\u0119ta Springer Spaniel Walijski","isPartOf":{"@id":"https:\/\/redworld.pl\/#website"},"primaryImageOfPage":{"@id":"https:\/\/redworld.pl\/?page_id=9541#primaryimage"},"image":{"@id":"https:\/\/redworld.pl\/?page_id=9541#primaryimage"},"thumbnailUrl":"https:\/\/redworld.pl\/wp-content\/uploads\/2021\/01\/12938168_10208911335003078_208721073210656130_n-e1610198874974.jpg","datePublished":"2021-03-16T14:49:00+00:00","dateModified":"2022-06-07T08:31:56+00:00","description":"RedWorld Kennel - oferujemy szczeni\u0119ta Springer Spaniel Walijski po doskona\u0142ych rodzicach, psach u\u017cytkowych, multichampionach.","breadcrumb":{"@id":"https:\/\/redworld.pl\/?page_id=9541#breadcrumb"},"inLanguage":"pl-PL","potentialAction":[{"@type":"ReadAction","target":["https:\/\/redworld.pl\/?page_id=9541"]}]},{"@type":"ImageObject","inLanguage":"pl-PL","@id":"https:\/\/redworld.pl\/?page_id=9541#primaryimage","url":"https:\/\/redworld.pl\/wp-content\/uploads\/2021\/01\/12938168_10208911335003078_208721073210656130_n-e1610198874974.jpg","contentUrl":"https:\/\/redworld.pl\/wp-content\/uploads\/2021\/01\/12938168_10208911335003078_208721073210656130_n-e1610198874974.jpg","width":960,"height":480},{"@type":"BreadcrumbList","@id":"https:\/\/redworld.pl\/?page_id=9541#breadcrumb","itemListElement":[{"@type":"ListItem","position":1,"name":"Strona g\u0142\u00f3wna","item":"https:\/\/redworld.pl\/"},{"@type":"ListItem","position":2,"name":"Zapowied\u017a miotu"}]},{"@type":"WebSite","@id":"https:\/\/redworld.pl\/#website","url":"https:\/\/redworld.pl\/","name":"RedWorld Kennel - Springer Spaniel Walijski - hodowla domowa","description":"Domowa hodowla Springer Sanieli Walijskich","publisher":{"@id":"https:\/\/redworld.pl\/#organization"},"potentialAction":[{"@type":"SearchAction","target":{"@type":"EntryPoint","urlTemplate":"https:\/\/redworld.pl\/?s={search_term_string}"},"query-input":{"@type":"PropertyValueSpecification","valueRequired":true,"valueName":"search_term_string"}}],"inLanguage":"pl-PL"},{"@type":"Organization","@id":"https:\/\/redworld.pl\/#organization","name":"RedWorld Kennel","url":"https:\/\/redworld.pl\/","logo":{"@type":"ImageObject","inLanguage":"pl-PL","@id":"https:\/\/redworld.pl\/#\/schema\/logo\/image\/","url":"https:\/\/redworld.pl\/wp-content\/uploads\/2020\/05\/redworld2-e1589960891884.png","contentUrl":"https:\/\/redworld.pl\/wp-content\/uploads\/2020\/05\/redworld2-e1589960891884.png","width":270,"height":91,"caption":"RedWorld Kennel"},"image":{"@id":"https:\/\/redworld.pl\/#\/schema\/logo\/image\/"},"sameAs":["https:\/\/www.instagram.com\/redworld_kennel\/"]}]}},"_links":{"self":[{"href":"https:\/\/redworld.pl\/index.php?rest_route=\/wp\/v2\/pages\/9541"}],"collection":[{"href":"https:\/\/redworld.pl\/index.php?rest_route=\/wp\/v2\/pages"}],"about":[{"href":"https:\/\/redworld.pl\/index.php?rest_route=\/wp\/v2\/types\/page"}],"author":[{"embeddable":true,"href":"https:\/\/redworld.pl\/index.php?rest_route=\/wp\/v2\/users\/1"}],"replies":[{"embeddable":true,"href":"https:\/\/redworld.pl\/index.php?rest_route=%2Fwp%2Fv2%2Fcomments&post=9541"}],"version-history":[{"count":41,"href":"https:\/\/redworld.pl\/index.php?rest_route=\/wp\/v2\/pages\/9541\/revisions"}],"predecessor-version":[{"id":10283,"href":"https:\/\/redworld.pl\/index.php?rest_route=\/wp\/v2\/pages\/9541\/revisions\/10283"}],"wp:attachment":[{"href":"https:\/\/redworld.pl\/index.php?rest_route=%2Fwp%2Fv2%2Fmedia&parent=9541"}],"curies":[{"name":"wp","href":"https:\/\/api.w.org\/{rel}","templated":true}]}}