{"id":4797,"date":"2021-01-07T17:11:39","date_gmt":"2021-01-07T15:11:39","guid":{"rendered":"https:\/\/springerspanielwalijski.pl\/?page_id=4797"},"modified":"2021-02-23T12:35:24","modified_gmt":"2021-02-23T10:35:24","slug":"kontakt","status":"publish","type":"page","link":"https:\/\/redworld.pl\/?page_id=4797","title":{"rendered":"Kontakt"},"content":{"rendered":"\t\t<div data-elementor-type=\"wp-page\" data-elementor-id=\"4797\" class=\"elementor elementor-4797\">\n\t\t\t\t\t\t<section class=\"elementor-section elementor-top-section elementor-element elementor-element-00f56e7 elementor-section-stretched elementor-hidden-desktop elementor-hidden-tablet elementor-section-boxed elementor-section-height-default elementor-section-height-default\" data-id=\"00f56e7\" data-element_type=\"section\" data-settings=\"{&quot;stretch_section&quot;:&quot;section-stretched&quot;}\">\n\t\t\t\t\t\t<div class=\"elementor-container elementor-column-gap-default\">\n\t\t\t\t\t<div class=\"elementor-column elementor-col-100 elementor-top-column elementor-element elementor-element-ebf7cdf\" data-id=\"ebf7cdf\" data-element_type=\"column\">\n\t\t\t<div class=\"elementor-widget-wrap elementor-element-populated\">\n\t\t\t\t\t\t<div class=\"elementor-element elementor-element-f26dd74 elementor-widget elementor-widget-heading\" data-id=\"f26dd74\" data-element_type=\"widget\" data-widget_type=\"heading.default\">\n\t\t\t\t<div class=\"elementor-widget-container\">\n\t\t\t\t\t<h2 class=\"elementor-heading-title elementor-size-default\">Kontakt<\/h2>\t\t\t\t<\/div>\n\t\t\t\t<\/div>\n\t\t\t\t\t<\/div>\n\t\t<\/div>\n\t\t\t\t\t<\/div>\n\t\t<\/section>\n\t\t\t\t<section class=\"elementor-section elementor-top-section elementor-element elementor-element-23616dd elementor-section-stretched elementor-section-boxed elementor-section-height-default elementor-section-height-default\" data-id=\"23616dd\" data-element_type=\"section\" data-settings=\"{&quot;stretch_section&quot;:&quot;section-stretched&quot;}\">\n\t\t\t\t\t\t<div class=\"elementor-container elementor-column-gap-default\">\n\t\t\t\t\t<div class=\"elementor-column elementor-col-33 elementor-top-column elementor-element elementor-element-5619545\" data-id=\"5619545\" data-element_type=\"column\">\n\t\t\t<div class=\"elementor-widget-wrap elementor-element-populated\">\n\t\t\t\t\t\t<div class=\"elementor-element elementor-element-92a73e9 elementor-widget elementor-widget-text-editor\" data-id=\"92a73e9\" data-element_type=\"widget\" data-widget_type=\"text-editor.default\">\n\t\t\t\t<div class=\"elementor-widget-container\">\n\t\t\t\t\t\t\t\t\t<p>ODWIED\u0179 NAS<\/p>\t\t\t\t\t\t\t\t<\/div>\n\t\t\t\t<\/div>\n\t\t\t\t<div class=\"elementor-element elementor-element-c414109 e-grid-align-left elementor-shape-rounded elementor-grid-0 elementor-widget elementor-widget-social-icons\" data-id=\"c414109\" data-element_type=\"widget\" data-widget_type=\"social-icons.default\">\n\t\t\t\t<div class=\"elementor-widget-container\">\n\t\t\t\t\t\t\t<div class=\"elementor-social-icons-wrapper elementor-grid\">\n\t\t\t\t\t\t\t<span class=\"elementor-grid-item\">\n\t\t\t\t\t<a class=\"elementor-icon elementor-social-icon elementor-social-icon-instagram elementor-repeater-item-4683a16\" href=\"https:\/\/www.instagram.com\/redworld_kennel\/\" target=\"_blank\">\n\t\t\t\t\t\t<span class=\"elementor-screen-only\">Instagram<\/span>\n\t\t\t\t\t\t<i class=\"fab fa-instagram\"><\/i>\t\t\t\t\t<\/a>\n\t\t\t\t<\/span>\n\t\t\t\t\t<\/div>\n\t\t\t\t\t\t<\/div>\n\t\t\t\t<\/div>\n\t\t\t\t<div class=\"elementor-element elementor-element-90446e2 elementor-widget elementor-widget-text-editor\" data-id=\"90446e2\" data-element_type=\"widget\" data-widget_type=\"text-editor.default\">\n\t\t\t\t<div class=\"elementor-widget-container\">\n\t\t\t\t\t\t\t\t\t<p>ADRES<\/p>\t\t\t\t\t\t\t\t<\/div>\n\t\t\t\t<\/div>\n\t\t\t\t<div class=\"elementor-element elementor-element-03ae2c6 elementor-widget elementor-widget-button\" data-id=\"03ae2c6\" data-element_type=\"widget\" data-widget_type=\"button.default\">\n\t\t\t\t<div class=\"elementor-widget-container\">\n\t\t\t\t\t\t\t\t\t<div class=\"elementor-button-wrapper\">\n\t\t\t\t\t<a class=\"elementor-button elementor-button-link elementor-size-sm\" href=\"https:\/\/goo.gl\/maps\/Q9DDCQ96cSRgXxLq7\" target=\"_blank\">\n\t\t\t\t\t\t<span class=\"elementor-button-content-wrapper\">\n\t\t\t\t\t\t<span class=\"elementor-button-icon\">\n\t\t\t\t<i aria-hidden=\"true\" class=\"fas fa-map-marker-alt\"><\/i>\t\t\t<\/span>\n\t\t\t\t\t\t\t\t\t<span class=\"elementor-button-text\">RedWorld Kennel<\/span>\n\t\t\t\t\t<\/span>\n\t\t\t\t\t<\/a>\n\t\t\t\t<\/div>\n\t\t\t\t\t\t\t\t<\/div>\n\t\t\t\t<\/div>\n\t\t\t\t<div class=\"elementor-element elementor-element-a55450f elementor-widget elementor-widget-text-editor\" data-id=\"a55450f\" data-element_type=\"widget\" data-widget_type=\"text-editor.default\">\n\t\t\t\t<div class=\"elementor-widget-container\">\n\t\t\t\t\t\t\t\t\t<p>ul. Modrzewiowa 1<br \/>62-070 Pal\u0119dzie<\/p>\t\t\t\t\t\t\t\t<\/div>\n\t\t\t\t<\/div>\n\t\t\t\t<div class=\"elementor-element elementor-element-4b20c93 elementor-widget elementor-widget-text-editor\" data-id=\"4b20c93\" data-element_type=\"widget\" data-widget_type=\"text-editor.default\">\n\t\t\t\t<div class=\"elementor-widget-container\">\n\t\t\t\t\t\t\t\t\t<p><a href=\"mailto:kontakt@redworld.pl\"><span style=\"color: #7a7a7a;\">email: kontakt@redworld.pl<\/span><\/a><br \/>tel.: 509 446 036<\/p>\t\t\t\t\t\t\t\t<\/div>\n\t\t\t\t<\/div>\n\t\t\t\t\t<\/div>\n\t\t<\/div>\n\t\t\t\t<div class=\"elementor-column elementor-col-66 elementor-top-column elementor-element elementor-element-022a718\" data-id=\"022a718\" data-element_type=\"column\">\n\t\t\t<div class=\"elementor-widget-wrap elementor-element-populated\">\n\t\t\t\t\t\t<div class=\"elementor-element elementor-element-a197182 elementor-hidden-phone elementor-widget elementor-widget-heading\" data-id=\"a197182\" data-element_type=\"widget\" data-widget_type=\"heading.default\">\n\t\t\t\t<div class=\"elementor-widget-container\">\n\t\t\t\t\t<h2 class=\"elementor-heading-title elementor-size-default\">Kontakt<\/h2>\t\t\t\t<\/div>\n\t\t\t\t<\/div>\n\t\t\t\t<div class=\"elementor-element elementor-element-16e7469 elementor-widget elementor-widget-text-editor\" data-id=\"16e7469\" data-element_type=\"widget\" data-widget_type=\"text-editor.default\">\n\t\t\t\t<div class=\"elementor-widget-container\">\n\t\t\t\t\t\t\t\t\t<p>Je\u017celi jeste\u015b zainteresowany kupnem szczeniaka lub chcesz si\u0119 dowiedzie\u0107 wi\u0119cej o rasie to wype\u0142nij poni\u017cszy formularz kontaktowy, postaramy si\u0119 mo\u017cliwie najszybciej jak to mo\u017cliwe skontaktowa\u0107 si\u0119 z Tob\u0105.<\/p>\t\t\t\t\t\t\t\t<\/div>\n\t\t\t\t<\/div>\n\t\t\t\t\t<\/div>\n\t\t<\/div>\n\t\t\t\t\t<\/div>\n\t\t<\/section>\n\t\t\t\t<\/div>\n\t\t","protected":false},"excerpt":{"rendered":"<p>Kontakt ODWIED\u0179 NAS Instagram ADRES RedWorld Kennel ul. Modrzewiowa 162-070 Pal\u0119dzie email: kontakt@redworld.pltel.: 509 446 036&#8230; &nbsp; <a href=\"https:\/\/redworld.pl\/?page_id=4797\" class=\"moretag\">Wi\u0119cej<\/a><\/p>\n","protected":false},"author":1,"featured_media":0,"parent":0,"menu_order":0,"comment_status":"closed","ping_status":"closed","template":"elementor_header_footer","meta":{"_monsterinsights_skip_tracking":false,"_monsterinsights_sitenote_active":false,"_monsterinsights_sitenote_note":"","_monsterinsights_sitenote_category":0,"footnotes":""},"yoast_head":"<!-- This site is optimized with the Yoast SEO plugin v24.0 - https:\/\/yoast.com\/wordpress\/plugins\/seo\/ -->\n<title>Kontakt &#8902; RedWorld Kennel<\/title>\n<meta name=\"robots\" content=\"index, follow, max-snippet:-1, max-image-preview:large, max-video-preview:-1\" \/>\n<link rel=\"canonical\" href=\"https:\/\/redworld.pl\/?page_id=4797\" \/>\n<meta property=\"og:locale\" content=\"pl_PL\" \/>\n<meta property=\"og:type\" content=\"article\" \/>\n<meta property=\"og:title\" content=\"Kontakt &#8902; RedWorld Kennel\" \/>\n<meta property=\"og:description\" content=\"Kontakt ODWIED\u0179 NAS Instagram ADRES RedWorld Kennel ul. Modrzewiowa 162-070 Pal\u0119dzie email: kontakt@redworld.pltel.: 509 446 036... &nbsp; Wi\u0119cej\" \/>\n<meta property=\"og:url\" content=\"https:\/\/redworld.pl\/?page_id=4797\" \/>\n<meta property=\"og:site_name\" content=\"RedWorld Kennel\" \/>\n<meta property=\"article:modified_time\" content=\"2021-02-23T10:35:24+00:00\" \/>\n<meta name=\"twitter:card\" content=\"summary_large_image\" \/>\n<meta name=\"twitter:label1\" content=\"Szacowany czas czytania\" \/>\n\t<meta name=\"twitter:data1\" content=\"1 minuta\" \/>\n<script type=\"application\/ld+json\" class=\"yoast-schema-graph\">{\"@context\":\"https:\/\/schema.org\",\"@graph\":[{\"@type\":\"WebPage\",\"@id\":\"https:\/\/redworld.pl\/?page_id=4797\",\"url\":\"https:\/\/redworld.pl\/?page_id=4797\",\"name\":\"Kontakt &#8902; RedWorld Kennel\",\"isPartOf\":{\"@id\":\"https:\/\/redworld.pl\/#website\"},\"datePublished\":\"2021-01-07T15:11:39+00:00\",\"dateModified\":\"2021-02-23T10:35:24+00:00\",\"breadcrumb\":{\"@id\":\"https:\/\/redworld.pl\/?page_id=4797#breadcrumb\"},\"inLanguage\":\"pl-PL\",\"potentialAction\":[{\"@type\":\"ReadAction\",\"target\":[\"https:\/\/redworld.pl\/?page_id=4797\"]}]},{\"@type\":\"BreadcrumbList\",\"@id\":\"https:\/\/redworld.pl\/?page_id=4797#breadcrumb\",\"itemListElement\":[{\"@type\":\"ListItem\",\"position\":1,\"name\":\"Strona g\u0142\u00f3wna\",\"item\":\"https:\/\/redworld.pl\/\"},{\"@type\":\"ListItem\",\"position\":2,\"name\":\"Kontakt\"}]},{\"@type\":\"WebSite\",\"@id\":\"https:\/\/redworld.pl\/#website\",\"url\":\"https:\/\/redworld.pl\/\",\"name\":\"RedWorld Kennel - Springer Spaniel Walijski - hodowla domowa\",\"description\":\"Domowa hodowla Springer Sanieli Walijskich\",\"publisher\":{\"@id\":\"https:\/\/redworld.pl\/#organization\"},\"potentialAction\":[{\"@type\":\"SearchAction\",\"target\":{\"@type\":\"EntryPoint\",\"urlTemplate\":\"https:\/\/redworld.pl\/?s={search_term_string}\"},\"query-input\":{\"@type\":\"PropertyValueSpecification\",\"valueRequired\":true,\"valueName\":\"search_term_string\"}}],\"inLanguage\":\"pl-PL\"},{\"@type\":\"Organization\",\"@id\":\"https:\/\/redworld.pl\/#organization\",\"name\":\"RedWorld Kennel\",\"url\":\"https:\/\/redworld.pl\/\",\"logo\":{\"@type\":\"ImageObject\",\"inLanguage\":\"pl-PL\",\"@id\":\"https:\/\/redworld.pl\/#\/schema\/logo\/image\/\",\"url\":\"https:\/\/redworld.pl\/wp-content\/uploads\/2020\/05\/redworld2-e1589960891884.png\",\"contentUrl\":\"https:\/\/redworld.pl\/wp-content\/uploads\/2020\/05\/redworld2-e1589960891884.png\",\"width\":270,\"height\":91,\"caption\":\"RedWorld Kennel\"},\"image\":{\"@id\":\"https:\/\/redworld.pl\/#\/schema\/logo\/image\/\"},\"sameAs\":[\"https:\/\/www.instagram.com\/redworld_kennel\/\"]}]}<\/script>\n<!-- \/ Yoast SEO plugin. -->","yoast_head_json":{"title":"Kontakt &#8902; RedWorld Kennel","robots":{"index":"index","follow":"follow","max-snippet":"max-snippet:-1","max-image-preview":"max-image-preview:large","max-video-preview":"max-video-preview:-1"},"canonical":"https:\/\/redworld.pl\/?page_id=4797","og_locale":"pl_PL","og_type":"article","og_title":"Kontakt &#8902; RedWorld Kennel","og_description":"Kontakt ODWIED\u0179 NAS Instagram ADRES RedWorld Kennel ul. Modrzewiowa 162-070 Pal\u0119dzie email: kontakt@redworld.pltel.: 509 446 036... &nbsp; Wi\u0119cej","og_url":"https:\/\/redworld.pl\/?page_id=4797","og_site_name":"RedWorld Kennel","article_modified_time":"2021-02-23T10:35:24+00:00","twitter_card":"summary_large_image","twitter_misc":{"Szacowany czas czytania":"1 minuta"},"schema":{"@context":"https:\/\/schema.org","@graph":[{"@type":"WebPage","@id":"https:\/\/redworld.pl\/?page_id=4797","url":"https:\/\/redworld.pl\/?page_id=4797","name":"Kontakt &#8902; RedWorld Kennel","isPartOf":{"@id":"https:\/\/redworld.pl\/#website"},"datePublished":"2021-01-07T15:11:39+00:00","dateModified":"2021-02-23T10:35:24+00:00","breadcrumb":{"@id":"https:\/\/redworld.pl\/?page_id=4797#breadcrumb"},"inLanguage":"pl-PL","potentialAction":[{"@type":"ReadAction","target":["https:\/\/redworld.pl\/?page_id=4797"]}]},{"@type":"BreadcrumbList","@id":"https:\/\/redworld.pl\/?page_id=4797#breadcrumb","itemListElement":[{"@type":"ListItem","position":1,"name":"Strona g\u0142\u00f3wna","item":"https:\/\/redworld.pl\/"},{"@type":"ListItem","position":2,"name":"Kontakt"}]},{"@type":"WebSite","@id":"https:\/\/redworld.pl\/#website","url":"https:\/\/redworld.pl\/","name":"RedWorld Kennel - Springer Spaniel Walijski - hodowla domowa","description":"Domowa hodowla Springer Sanieli Walijskich","publisher":{"@id":"https:\/\/redworld.pl\/#organization"},"potentialAction":[{"@type":"SearchAction","target":{"@type":"EntryPoint","urlTemplate":"https:\/\/redworld.pl\/?s={search_term_string}"},"query-input":{"@type":"PropertyValueSpecification","valueRequired":true,"valueName":"search_term_string"}}],"inLanguage":"pl-PL"},{"@type":"Organization","@id":"https:\/\/redworld.pl\/#organization","name":"RedWorld Kennel","url":"https:\/\/redworld.pl\/","logo":{"@type":"ImageObject","inLanguage":"pl-PL","@id":"https:\/\/redworld.pl\/#\/schema\/logo\/image\/","url":"https:\/\/redworld.pl\/wp-content\/uploads\/2020\/05\/redworld2-e1589960891884.png","contentUrl":"https:\/\/redworld.pl\/wp-content\/uploads\/2020\/05\/redworld2-e1589960891884.png","width":270,"height":91,"caption":"RedWorld Kennel"},"image":{"@id":"https:\/\/redworld.pl\/#\/schema\/logo\/image\/"},"sameAs":["https:\/\/www.instagram.com\/redworld_kennel\/"]}]}},"_links":{"self":[{"href":"https:\/\/redworld.pl\/index.php?rest_route=\/wp\/v2\/pages\/4797"}],"collection":[{"href":"https:\/\/redworld.pl\/index.php?rest_route=\/wp\/v2\/pages"}],"about":[{"href":"https:\/\/redworld.pl\/index.php?rest_route=\/wp\/v2\/types\/page"}],"author":[{"embeddable":true,"href":"https:\/\/redworld.pl\/index.php?rest_route=\/wp\/v2\/users\/1"}],"replies":[{"embeddable":true,"href":"https:\/\/redworld.pl\/index.php?rest_route=%2Fwp%2Fv2%2Fcomments&post=4797"}],"version-history":[{"count":83,"href":"https:\/\/redworld.pl\/index.php?rest_route=\/wp\/v2\/pages\/4797\/revisions"}],"predecessor-version":[{"id":9142,"href":"https:\/\/redworld.pl\/index.php?rest_route=\/wp\/v2\/pages\/4797\/revisions\/9142"}],"wp:attachment":[{"href":"https:\/\/redworld.pl\/index.php?rest_route=%2Fwp%2Fv2%2Fmedia&parent=4797"}],"curies":[{"name":"wp","href":"https:\/\/api.w.org\/{rel}","templated":true}]}}